{"id":397,"date":"2023-04-17T18:44:48","date_gmt":"2023-04-17T18:44:48","guid":{"rendered":"https:\/\/eunomie-avocats.fr\/?page_id=397"},"modified":"2023-04-28T12:55:15","modified_gmt":"2023-04-28T12:55:15","slug":"mentions-legales","status":"publish","type":"page","link":"https:\/\/eunomie-avocats.fr\/en\/mentions-legales\/","title":{"rendered":"Legal information"},"content":{"rendered":"<div data-elementor-type=\"wp-page\" data-elementor-id=\"397\" class=\"elementor elementor-397\" data-elementor-post-type=\"page\">\n\t\t\t\t<div class=\"elementor-element elementor-element-68e6491 e-flex e-con-boxed e-con e-parent\" data-id=\"68e6491\" data-element_type=\"container\">\n\t\t\t\t\t<div class=\"e-con-inner\">\n\t\t\t\t<div class=\"elementor-element elementor-element-b9f3a73 elementor-widget elementor-widget-heading\" data-id=\"b9f3a73\" data-element_type=\"widget\" data-widget_type=\"heading.default\">\n\t\t\t\t<div class=\"elementor-widget-container\">\n\t\t\t\t\t<h1 class=\"elementor-heading-title elementor-size-default\">Legal information<\/h1>\t\t\t\t<\/div>\n\t\t\t\t<\/div>\n\t\t\t\t<div class=\"elementor-element elementor-element-3886205 elementor-widget elementor-widget-text-editor\" data-id=\"3886205\" data-element_type=\"widget\" data-widget_type=\"text-editor.default\">\n\t\t\t\t<div class=\"elementor-widget-container\">\n\t\t\t\t\t\t\t\t\t\n<p>Conform\u00e9ment \u00e0 la loi n\u00b02004-575 du 21 juin 2004 pour la confiance dans l\u2019\u00e9conomie num\u00e9rique, nous vous informons que le site internet www.eunomie-avocats.fr est la propri\u00e9t\u00e9 d\u2019Eunomie Avocats.<\/p>\n<p>EUNOMIE AVOCATS est une Association d\u2019Avocats \u00e0 Responsabilit\u00e9 Professionnelle Individuelle (AARPI) inscrite au Barreau des Avocats pr\u00e8s la Cour d\u2019appel de Paris.<\/p>\n<p>63, rue Pierre Charron \u2013 75008 Paris<\/p>\n<p>Le site internet www.eunomie-avocats.fr est h\u00e9berg\u00e9 sur les mat\u00e9riels informatiques de la soci\u00e9t\u00e9 OVH. Son si\u00e8ge social est : 2 rue Kellermann \u2013 59100 Roubaix \u2013 France.<\/p>\n<p>Le site a \u00e9t\u00e9 r\u00e9alis\u00e9 par\u00a0<a href=\"https:\/\/enderby.fr\/\">Enderby<\/a>.<\/p>\n\t\t\t\t\t\t\t\t<\/div>\n\t\t\t\t<\/div>\n\t\t\t\t\t<\/div>\n\t\t\t\t<\/div>\n\t\t\t\t<\/div>","protected":false},"excerpt":{"rendered":"<p>Conform\u00e9ment \u00e0 la loi n\u00b02004-575 du 21 juin 2004 pour la confiance dans l\u2019\u00e9conomie num\u00e9rique, nous vous informons que le site internet www.eunomie-avocats.fr est la propri\u00e9t\u00e9 d\u2019Eunomie Avocats. EUNOMIE AVOCATS est une Association d\u2019Avocats \u00e0 Responsabilit\u00e9 Professionnelle Individuelle (AARPI) inscrite au Barreau des Avocats pr\u00e8s la Cour d\u2019appel de Paris. 63, rue Pierre Charron \u2013 [&hellip;]<\/p>","protected":false},"author":1,"featured_media":3453,"parent":0,"menu_order":0,"comment_status":"closed","ping_status":"open","template":"","meta":{"_acf_changed":false,"footnotes":"","_links_to":"","_links_to_target":""},"class_list":["post-397","page","type-page","status-publish","has-post-thumbnail","hentry"],"acf":[],"yoast_head":"<!-- This site is optimized with the Yoast SEO plugin v25.7 - https:\/\/yoast.com\/wordpress\/plugins\/seo\/ -->\n<title>Mentions l\u00e9gales - Eunomie avocats<\/title>\n<meta name=\"description\" content=\"D\u00e9couvrez nos mentions l\u00e9gales pour conna\u00eetre nos conditions d&#039;utilisation, protection des donn\u00e9es, droits d&#039;auteur et plus encore.\" \/>\n<meta name=\"robots\" content=\"index, follow, max-snippet:-1, max-image-preview:large, max-video-preview:-1\" \/>\n<link rel=\"canonical\" href=\"https:\/\/eunomie-avocats.fr\/en\/mentions-legales\/\" \/>\n<meta property=\"og:locale\" content=\"en_GB\" \/>\n<meta property=\"og:type\" content=\"article\" \/>\n<meta property=\"og:title\" content=\"Mentions l\u00e9gales - Eunomie avocats\" \/>\n<meta property=\"og:description\" content=\"D\u00e9couvrez nos mentions l\u00e9gales pour conna\u00eetre nos conditions d&#039;utilisation, protection des donn\u00e9es, droits d&#039;auteur et plus encore.\" \/>\n<meta property=\"og:url\" content=\"https:\/\/eunomie-avocats.fr\/en\/mentions-legales\/\" \/>\n<meta property=\"og:site_name\" content=\"Eunomie avocats\" \/>\n<meta property=\"article:publisher\" content=\"https:\/\/www.facebook.com\/Eunomie-Avocats-160608690658705\/\" \/>\n<meta property=\"article:modified_time\" content=\"2023-04-28T12:55:15+00:00\" \/>\n<meta property=\"og:image\" content=\"https:\/\/eunomie-avocats.fr\/wp-content\/uploads\/2023\/04\/Eunomie-Avocats-banner-site.png\" \/>\n\t<meta property=\"og:image:width\" content=\"1090\" \/>\n\t<meta property=\"og:image:height\" content=\"466\" \/>\n\t<meta property=\"og:image:type\" content=\"image\/png\" \/>\n<meta name=\"twitter:card\" content=\"summary_large_image\" \/>\n<meta name=\"twitter:site\" content=\"@eunomiea\" \/>\n<meta name=\"twitter:label1\" content=\"Estimated reading time\" \/>\n\t<meta name=\"twitter:data1\" content=\"1 minute\" \/>\n<script type=\"application\/ld+json\" class=\"yoast-schema-graph\">{\"@context\":\"https:\/\/schema.org\",\"@graph\":[{\"@type\":\"WebPage\",\"@id\":\"https:\/\/eunomie-avocats.fr\/mentions-legales\/\",\"url\":\"https:\/\/eunomie-avocats.fr\/mentions-legales\/\",\"name\":\"Mentions l\u00e9gales - Eunomie avocats\",\"isPartOf\":{\"@id\":\"https:\/\/eunomie-avocats.fr\/#website\"},\"primaryImageOfPage\":{\"@id\":\"https:\/\/eunomie-avocats.fr\/mentions-legales\/#primaryimage\"},\"image\":{\"@id\":\"https:\/\/eunomie-avocats.fr\/mentions-legales\/#primaryimage\"},\"thumbnailUrl\":\"https:\/\/eunomie-avocats.fr\/wp-content\/uploads\/2023\/04\/Eunomie-Avocats-banner-site.png\",\"datePublished\":\"2023-04-17T18:44:48+00:00\",\"dateModified\":\"2023-04-28T12:55:15+00:00\",\"description\":\"D\u00e9couvrez nos mentions l\u00e9gales pour conna\u00eetre nos conditions d'utilisation, protection des donn\u00e9es, droits d'auteur et plus encore.\",\"breadcrumb\":{\"@id\":\"https:\/\/eunomie-avocats.fr\/mentions-legales\/#breadcrumb\"},\"inLanguage\":\"en-GB\",\"potentialAction\":[{\"@type\":\"ReadAction\",\"target\":[\"https:\/\/eunomie-avocats.fr\/mentions-legales\/\"]}]},{\"@type\":\"ImageObject\",\"inLanguage\":\"en-GB\",\"@id\":\"https:\/\/eunomie-avocats.fr\/mentions-legales\/#primaryimage\",\"url\":\"https:\/\/eunomie-avocats.fr\/wp-content\/uploads\/2023\/04\/Eunomie-Avocats-banner-site.png\",\"contentUrl\":\"https:\/\/eunomie-avocats.fr\/wp-content\/uploads\/2023\/04\/Eunomie-Avocats-banner-site.png\",\"width\":1090,\"height\":466},{\"@type\":\"BreadcrumbList\",\"@id\":\"https:\/\/eunomie-avocats.fr\/mentions-legales\/#breadcrumb\",\"itemListElement\":[{\"@type\":\"ListItem\",\"position\":1,\"name\":\"Accueil\",\"item\":\"https:\/\/eunomie-avocats.fr\/\"},{\"@type\":\"ListItem\",\"position\":2,\"name\":\"Mentions l\u00e9gales\"}]},{\"@type\":\"WebSite\",\"@id\":\"https:\/\/eunomie-avocats.fr\/#website\",\"url\":\"https:\/\/eunomie-avocats.fr\/\",\"name\":\"Eunomie avocats\",\"description\":\"Avocats sp\u00e9cialis\u00e9s en droit social des affaires\",\"publisher\":{\"@id\":\"https:\/\/eunomie-avocats.fr\/#organization\"},\"potentialAction\":[{\"@type\":\"SearchAction\",\"target\":{\"@type\":\"EntryPoint\",\"urlTemplate\":\"https:\/\/eunomie-avocats.fr\/?s={search_term_string}\"},\"query-input\":{\"@type\":\"PropertyValueSpecification\",\"valueRequired\":true,\"valueName\":\"search_term_string\"}}],\"inLanguage\":\"en-GB\"},{\"@type\":\"Organization\",\"@id\":\"https:\/\/eunomie-avocats.fr\/#organization\",\"name\":\"Eunomie avocats\",\"url\":\"https:\/\/eunomie-avocats.fr\/\",\"logo\":{\"@type\":\"ImageObject\",\"inLanguage\":\"en-GB\",\"@id\":\"https:\/\/eunomie-avocats.fr\/#\/schema\/logo\/image\/\",\"url\":\"https:\/\/eunomie-avocats.fr\/wp-content\/uploads\/2023\/03\/EUNOMIE_LOGO_RVB_bleu.svg\",\"contentUrl\":\"https:\/\/eunomie-avocats.fr\/wp-content\/uploads\/2023\/03\/EUNOMIE_LOGO_RVB_bleu.svg\",\"width\":154,\"height\":56,\"caption\":\"Eunomie avocats\"},\"image\":{\"@id\":\"https:\/\/eunomie-avocats.fr\/#\/schema\/logo\/image\/\"},\"sameAs\":[\"https:\/\/www.facebook.com\/Eunomie-Avocats-160608690658705\/\",\"https:\/\/x.com\/eunomiea\",\"https:\/\/fr.linkedin.com\/company\/eunomie-avocats\"]}]}<\/script>\n<!-- \/ Yoast SEO plugin. -->","yoast_head_json":{"title":"Mentions l\u00e9gales - Eunomie avocats","description":"D\u00e9couvrez nos mentions l\u00e9gales pour conna\u00eetre nos conditions d'utilisation, protection des donn\u00e9es, droits d'auteur et plus encore.","robots":{"index":"index","follow":"follow","max-snippet":"max-snippet:-1","max-image-preview":"max-image-preview:large","max-video-preview":"max-video-preview:-1"},"canonical":"https:\/\/eunomie-avocats.fr\/en\/mentions-legales\/","og_locale":"en_GB","og_type":"article","og_title":"Mentions l\u00e9gales - Eunomie avocats","og_description":"D\u00e9couvrez nos mentions l\u00e9gales pour conna\u00eetre nos conditions d'utilisation, protection des donn\u00e9es, droits d'auteur et plus encore.","og_url":"https:\/\/eunomie-avocats.fr\/en\/mentions-legales\/","og_site_name":"Eunomie avocats","article_publisher":"https:\/\/www.facebook.com\/Eunomie-Avocats-160608690658705\/","article_modified_time":"2023-04-28T12:55:15+00:00","og_image":[{"width":1090,"height":466,"url":"https:\/\/eunomie-avocats.fr\/wp-content\/uploads\/2023\/04\/Eunomie-Avocats-banner-site.png","type":"image\/png"}],"twitter_card":"summary_large_image","twitter_site":"@eunomiea","twitter_misc":{"Estimated reading time":"1 minute"},"schema":{"@context":"https:\/\/schema.org","@graph":[{"@type":"WebPage","@id":"https:\/\/eunomie-avocats.fr\/mentions-legales\/","url":"https:\/\/eunomie-avocats.fr\/mentions-legales\/","name":"Mentions l\u00e9gales - Eunomie avocats","isPartOf":{"@id":"https:\/\/eunomie-avocats.fr\/#website"},"primaryImageOfPage":{"@id":"https:\/\/eunomie-avocats.fr\/mentions-legales\/#primaryimage"},"image":{"@id":"https:\/\/eunomie-avocats.fr\/mentions-legales\/#primaryimage"},"thumbnailUrl":"https:\/\/eunomie-avocats.fr\/wp-content\/uploads\/2023\/04\/Eunomie-Avocats-banner-site.png","datePublished":"2023-04-17T18:44:48+00:00","dateModified":"2023-04-28T12:55:15+00:00","description":"D\u00e9couvrez nos mentions l\u00e9gales pour conna\u00eetre nos conditions d'utilisation, protection des donn\u00e9es, droits d'auteur et plus encore.","breadcrumb":{"@id":"https:\/\/eunomie-avocats.fr\/mentions-legales\/#breadcrumb"},"inLanguage":"en-GB","potentialAction":[{"@type":"ReadAction","target":["https:\/\/eunomie-avocats.fr\/mentions-legales\/"]}]},{"@type":"ImageObject","inLanguage":"en-GB","@id":"https:\/\/eunomie-avocats.fr\/mentions-legales\/#primaryimage","url":"https:\/\/eunomie-avocats.fr\/wp-content\/uploads\/2023\/04\/Eunomie-Avocats-banner-site.png","contentUrl":"https:\/\/eunomie-avocats.fr\/wp-content\/uploads\/2023\/04\/Eunomie-Avocats-banner-site.png","width":1090,"height":466},{"@type":"BreadcrumbList","@id":"https:\/\/eunomie-avocats.fr\/mentions-legales\/#breadcrumb","itemListElement":[{"@type":"ListItem","position":1,"name":"Accueil","item":"https:\/\/eunomie-avocats.fr\/"},{"@type":"ListItem","position":2,"name":"Mentions l\u00e9gales"}]},{"@type":"WebSite","@id":"https:\/\/eunomie-avocats.fr\/#website","url":"https:\/\/eunomie-avocats.fr\/","name":"Eunomie avocats","description":"Avocats sp\u00e9cialis\u00e9s en droit social des affaires","publisher":{"@id":"https:\/\/eunomie-avocats.fr\/#organization"},"potentialAction":[{"@type":"SearchAction","target":{"@type":"EntryPoint","urlTemplate":"https:\/\/eunomie-avocats.fr\/?s={search_term_string}"},"query-input":{"@type":"PropertyValueSpecification","valueRequired":true,"valueName":"search_term_string"}}],"inLanguage":"en-GB"},{"@type":"Organization","@id":"https:\/\/eunomie-avocats.fr\/#organization","name":"Eunomie avocats","url":"https:\/\/eunomie-avocats.fr\/","logo":{"@type":"ImageObject","inLanguage":"en-GB","@id":"https:\/\/eunomie-avocats.fr\/#\/schema\/logo\/image\/","url":"https:\/\/eunomie-avocats.fr\/wp-content\/uploads\/2023\/03\/EUNOMIE_LOGO_RVB_bleu.svg","contentUrl":"https:\/\/eunomie-avocats.fr\/wp-content\/uploads\/2023\/03\/EUNOMIE_LOGO_RVB_bleu.svg","width":154,"height":56,"caption":"Eunomie avocats"},"image":{"@id":"https:\/\/eunomie-avocats.fr\/#\/schema\/logo\/image\/"},"sameAs":["https:\/\/www.facebook.com\/Eunomie-Avocats-160608690658705\/","https:\/\/x.com\/eunomiea","https:\/\/fr.linkedin.com\/company\/eunomie-avocats"]}]}},"_links":{"self":[{"href":"https:\/\/eunomie-avocats.fr\/en\/wp-json\/wp\/v2\/pages\/397","targetHints":{"allow":["GET"]}}],"collection":[{"href":"https:\/\/eunomie-avocats.fr\/en\/wp-json\/wp\/v2\/pages"}],"about":[{"href":"https:\/\/eunomie-avocats.fr\/en\/wp-json\/wp\/v2\/types\/page"}],"author":[{"embeddable":true,"href":"https:\/\/eunomie-avocats.fr\/en\/wp-json\/wp\/v2\/users\/1"}],"replies":[{"embeddable":true,"href":"https:\/\/eunomie-avocats.fr\/en\/wp-json\/wp\/v2\/comments?post=397"}],"version-history":[{"count":0,"href":"https:\/\/eunomie-avocats.fr\/en\/wp-json\/wp\/v2\/pages\/397\/revisions"}],"wp:featuredmedia":[{"embeddable":true,"href":"https:\/\/eunomie-avocats.fr\/en\/wp-json\/wp\/v2\/media\/3453"}],"wp:attachment":[{"href":"https:\/\/eunomie-avocats.fr\/en\/wp-json\/wp\/v2\/media?parent=397"}],"curies":[{"name":"wp","href":"https:\/\/api.w.org\/{rel}","templated":true}]}}