{"id":238,"date":"2023-04-02T19:40:10","date_gmt":"2023-04-02T19:40:10","guid":{"rendered":"https:\/\/eunomie-avocats.fr\/?page_id=238"},"modified":"2023-04-28T12:50:59","modified_gmt":"2023-04-28T12:50:59","slug":"notre-savoir-faire","status":"publish","type":"page","link":"https:\/\/eunomie-avocats.fr\/en\/notre-savoir-faire\/","title":{"rendered":"Our expertise"},"content":{"rendered":"<div data-elementor-type=\"wp-page\" data-elementor-id=\"238\" class=\"elementor elementor-238\" data-elementor-post-type=\"page\">\n\t\t\t\t<div class=\"elementor-element elementor-element-f128a95 e-flex e-con-boxed e-con e-parent\" data-id=\"f128a95\" data-element_type=\"container\">\n\t\t\t\t\t<div class=\"e-con-inner\">\n\t\t\t\t<div class=\"elementor-element elementor-element-5e608b3 elementor-widget elementor-widget-heading\" data-id=\"5e608b3\" data-element_type=\"widget\" data-widget_type=\"heading.default\">\n\t\t\t\t<div class=\"elementor-widget-container\">\n\t\t\t\t\t<h1 class=\"elementor-heading-title elementor-size-default\">Our firm is established in many sectors, including the iron &amp; steel industry, pharmaceuticals, transport, energy, luxury, finance, and the media, as well as employers\u2019 federations.\n\nWith their cross-cutting, complementary skills, our lawyers are able to provide wide-ranging expertise.<\/h1>\t\t\t\t<\/div>\n\t\t\t\t<\/div>\n\t\t\t\t\t<\/div>\n\t\t\t\t<\/div>\n\t\t<div class=\"elementor-element elementor-element-29485ea e-flex e-con-boxed e-con e-parent\" data-id=\"29485ea\" data-element_type=\"container\" data-settings=\"{&quot;background_background&quot;:&quot;classic&quot;}\">\n\t\t\t\t\t<div class=\"e-con-inner\">\n\t\t\t\t<div class=\"elementor-element elementor-element-bdd7d06 elementor-widget elementor-widget-text-editor\" data-id=\"bdd7d06\" data-element_type=\"widget\" data-widget_type=\"text-editor.default\">\n\t\t\t\t<div class=\"elementor-widget-container\">\n\t\t\t\t\t\t\t\t\t<p>Areas of expertise<\/p>\t\t\t\t\t\t\t\t<\/div>\n\t\t\t\t<\/div>\n\t\t\t\t\t<\/div>\n\t\t\t\t<\/div>\n\t\t<div class=\"elementor-element elementor-element-c289ff7 e-flex e-con-boxed e-con e-parent\" data-id=\"c289ff7\" data-element_type=\"container\" data-settings=\"{&quot;background_background&quot;:&quot;classic&quot;}\">\n\t\t\t\t\t<div class=\"e-con-inner\">\n\t\t<div class=\"elementor-element elementor-element-4980e2e e-flex e-con-boxed e-con e-parent\" data-id=\"4980e2e\" data-element_type=\"container\">\n\t\t\t\t\t<div class=\"e-con-inner\">\n\t\t\t\t<div class=\"elementor-element elementor-element-d4ee962 elementor-widget elementor-widget-heading\" data-id=\"d4ee962\" data-element_type=\"widget\" data-widget_type=\"heading.default\">\n\t\t\t\t<div class=\"elementor-widget-container\">\n\t\t\t\t\t<div class=\"elementor-heading-title elementor-size-default\">Management and support in restructuring operations<\/div>\t\t\t\t<\/div>\n\t\t\t\t<\/div>\n\t\t\t\t<div class=\"elementor-element elementor-element-f997ca6 elementor-widget elementor-widget-text-editor\" data-id=\"f997ca6\" data-element_type=\"widget\" data-widget_type=\"text-editor.default\">\n\t\t\t\t<div class=\"elementor-widget-container\">\n\t\t\t\t\t\t\t\t\t<p>Mergers and acquisitions, outsourcing, corporate spin-offs, subcontracting, employment protection plans<\/p>\t\t\t\t\t\t\t\t<\/div>\n\t\t\t\t<\/div>\n\t\t\t\t<div class=\"elementor-element elementor-element-9b8a994 elementor-widget elementor-widget-heading\" data-id=\"9b8a994\" data-element_type=\"widget\" data-widget_type=\"heading.default\">\n\t\t\t\t<div class=\"elementor-widget-container\">\n\t\t\t\t\t<div class=\"elementor-heading-title elementor-size-default\">Law and practice in the field of individual and collective labor relations<\/div>\t\t\t\t<\/div>\n\t\t\t\t<\/div>\n\t\t\t\t<div class=\"elementor-element elementor-element-1a6cc38 elementor-widget elementor-widget-text-editor\" data-id=\"1a6cc38\" data-element_type=\"widget\" data-widget_type=\"text-editor.default\">\n\t\t\t\t<div class=\"elementor-widget-container\">\n\t\t\t\t\t\t\t\t\t<p>Collective bargaining, employee representation, working time organization, management of contractual relations<\/p>\t\t\t\t\t\t\t\t<\/div>\n\t\t\t\t<\/div>\n\t\t\t\t<div class=\"elementor-element elementor-element-9258374 elementor-widget elementor-widget-heading\" data-id=\"9258374\" data-element_type=\"widget\" data-widget_type=\"heading.default\">\n\t\t\t\t<div class=\"elementor-widget-container\">\n\t\t\t\t\t<div class=\"elementor-heading-title elementor-size-default\">Labor and criminal risk management <\/div>\t\t\t\t<\/div>\n\t\t\t\t<\/div>\n\t\t\t\t<div class=\"elementor-element elementor-element-bdfe1df elementor-widget elementor-widget-text-editor\" data-id=\"bdfe1df\" data-element_type=\"widget\" data-widget_type=\"text-editor.default\">\n\t\t\t\t<div class=\"elementor-widget-container\">\n\t\t\t\t\t\t\t\t\t<p>Criminal liability of directors, delegations of authority<\/p>\t\t\t\t\t\t\t\t<\/div>\n\t\t\t\t<\/div>\n\t\t\t\t<div class=\"elementor-element elementor-element-79d92c2 elementor-widget elementor-widget-heading\" data-id=\"79d92c2\" data-element_type=\"widget\" data-widget_type=\"heading.default\">\n\t\t\t\t<div class=\"elementor-widget-container\">\n\t\t\t\t\t<div class=\"elementor-heading-title elementor-size-default\">Health, safety &amp; environment \n<\/div>\t\t\t\t<\/div>\n\t\t\t\t<\/div>\n\t\t\t\t<div class=\"elementor-element elementor-element-9e551ab elementor-widget elementor-widget-text-editor\" data-id=\"9e551ab\" data-element_type=\"widget\" data-widget_type=\"text-editor.default\">\n\t\t\t\t<div class=\"elementor-widget-container\">\n\t\t\t\t\t\t\t\t\t<p>Expatriation, secondment, transnational operations<\/p>\t\t\t\t\t\t\t\t<\/div>\n\t\t\t\t<\/div>\n\t\t\t\t<div class=\"elementor-element elementor-element-0fed576 elementor-widget elementor-widget-heading\" data-id=\"0fed576\" data-element_type=\"widget\" data-widget_type=\"heading.default\">\n\t\t\t\t<div class=\"elementor-widget-container\">\n\t\t\t\t\t<div class=\"elementor-heading-title elementor-size-default\">Corporate labor litigation<\/div>\t\t\t\t<\/div>\n\t\t\t\t<\/div>\n\t\t\t\t<div class=\"elementor-element elementor-element-3475ba4 elementor-widget elementor-widget-text-editor\" data-id=\"3475ba4\" data-element_type=\"widget\" data-widget_type=\"text-editor.default\">\n\t\t\t\t<div class=\"elementor-widget-container\">\n\t\t\t\t\t\t\t\t\t<p>Collective litigation, electoral litigation, industrial litigation, criminal litigation, administrative litigation<\/p>\t\t\t\t\t\t\t\t<\/div>\n\t\t\t\t<\/div>\n\t\t\t\t\t<\/div>\n\t\t\t\t<\/div>\n\t\t<div class=\"elementor-element elementor-element-b87cf15 e-flex e-con-boxed e-con e-parent\" data-id=\"b87cf15\" data-element_type=\"container\">\n\t\t\t\t\t<div class=\"e-con-inner\">\n\t\t\t\t<div class=\"elementor-element elementor-element-f6b4561 elementor-widget elementor-widget-heading\" data-id=\"f6b4561\" data-element_type=\"widget\" data-widget_type=\"heading.default\">\n\t\t\t\t<div class=\"elementor-widget-container\">\n\t\t\t\t\t<div class=\"elementor-heading-title elementor-size-default\">Droit de la protection sociale \n&amp; des syst\u00e8mes de r\u00e9mun\u00e9ration<\/div>\t\t\t\t<\/div>\n\t\t\t\t<\/div>\n\t\t\t\t<div class=\"elementor-element elementor-element-439c841 elementor-widget elementor-widget-text-editor\" data-id=\"439c841\" data-element_type=\"widget\" data-widget_type=\"text-editor.default\">\n\t\t\t\t<div class=\"elementor-widget-container\">\n\t\t\t\t\t\t\t\t\t<p>Benefit plans, supplementary pension plans, collective pension savings plans, employee savings plans, employee share ownership<\/p>\t\t\t\t\t\t\t\t<\/div>\n\t\t\t\t<\/div>\n\t\t\t\t<div class=\"elementor-element elementor-element-5dbbf5d elementor-widget elementor-widget-heading\" data-id=\"5dbbf5d\" data-element_type=\"widget\" data-widget_type=\"heading.default\">\n\t\t\t\t<div class=\"elementor-widget-container\">\n\t\t\t\t\t<div class=\"elementor-heading-title elementor-size-default\">Conseil &amp; Strat\u00e9gie RH <\/div>\t\t\t\t<\/div>\n\t\t\t\t<\/div>\n\t\t\t\t<div class=\"elementor-element elementor-element-6766caf elementor-widget elementor-widget-text-editor\" data-id=\"6766caf\" data-element_type=\"widget\" data-widget_type=\"text-editor.default\">\n\t\t\t\t<div class=\"elementor-widget-container\">\n\t\t\t\t\t\t\t\t\t<p>Change management support, audits, governance, CSR<\/p>\t\t\t\t\t\t\t\t<\/div>\n\t\t\t\t<\/div>\n\t\t\t\t<div class=\"elementor-element elementor-element-935e275 elementor-widget elementor-widget-heading\" data-id=\"935e275\" data-element_type=\"widget\" data-widget_type=\"heading.default\">\n\t\t\t\t<div class=\"elementor-widget-container\">\n\t\t\t\t\t<div class=\"elementor-heading-title elementor-size-default\">Areas of activity governed by specific labor laws<\/div>\t\t\t\t<\/div>\n\t\t\t\t<\/div>\n\t\t\t\t<div class=\"elementor-element elementor-element-f3bb040 elementor-widget elementor-widget-text-editor\" data-id=\"f3bb040\" data-element_type=\"widget\" data-widget_type=\"text-editor.default\">\n\t\t\t\t<div class=\"elementor-widget-container\">\n\t\t\t\t\t\t\t\t\t<p>Sports law, constitutional labor law and litigation,<br \/>journalism, fashion modeling, companies with specific articles of association<\/p>\t\t\t\t\t\t\t\t<\/div>\n\t\t\t\t<\/div>\n\t\t\t\t<div class=\"elementor-element elementor-element-ad10619 elementor-widget elementor-widget-heading\" data-id=\"ad10619\" data-element_type=\"widget\" data-widget_type=\"heading.default\">\n\t\t\t\t<div class=\"elementor-widget-container\">\n\t\t\t\t\t<div class=\"elementor-heading-title elementor-size-default\">EU and international labor law<\/div>\t\t\t\t<\/div>\n\t\t\t\t<\/div>\n\t\t\t\t<div class=\"elementor-element elementor-element-fc4f1d4 elementor-widget elementor-widget-text-editor\" data-id=\"fc4f1d4\" data-element_type=\"widget\" data-widget_type=\"text-editor.default\">\n\t\t\t\t<div class=\"elementor-widget-container\">\n\t\t\t\t\t\t\t\t\t<p>Expatriation, secondment,<br \/>transnational operations<\/p>\t\t\t\t\t\t\t\t<\/div>\n\t\t\t\t<\/div>\n\t\t\t\t<div class=\"elementor-element elementor-element-e21f016 elementor-widget elementor-widget-heading\" data-id=\"e21f016\" data-element_type=\"widget\" data-widget_type=\"heading.default\">\n\t\t\t\t<div class=\"elementor-widget-container\">\n\t\t\t\t\t<div class=\"elementor-heading-title elementor-size-default\">Social security <\/div>\t\t\t\t<\/div>\n\t\t\t\t<\/div>\n\t\t\t\t<div class=\"elementor-element elementor-element-aaff3d6 elementor-widget elementor-widget-text-editor\" data-id=\"aaff3d6\" data-element_type=\"widget\" data-widget_type=\"text-editor.default\">\n\t\t\t\t<div class=\"elementor-widget-container\">\n\t\t\t\t\t\t\t\t\t<p>URSSAF (French social security) litigation, occupational injuries or diseases, <br \/>gross negligence<\/p>\t\t\t\t\t\t\t\t<\/div>\n\t\t\t\t<\/div>\n\t\t\t\t\t<\/div>\n\t\t\t\t<\/div>\n\t\t\t\t\t<\/div>\n\t\t\t\t<\/div>\n\t\t<div class=\"elementor-element elementor-element-45631cd e-flex e-con-boxed e-con e-parent\" data-id=\"45631cd\" data-element_type=\"container\" data-settings=\"{&quot;background_background&quot;:&quot;classic&quot;}\">\n\t\t\t\t\t<div class=\"e-con-inner\">\n\t\t\t\t<div class=\"elementor-element elementor-element-2818e81 elementor-widget elementor-widget-text-editor\" data-id=\"2818e81\" data-element_type=\"widget\" data-widget_type=\"text-editor.default\">\n\t\t\t\t<div class=\"elementor-widget-container\">\n\t\t\t\t\t\t\t\t\t<p>\u00ab As a key player in collective bargaining and restructuring practice, our firm is able to meet the needs of each company in terms of operations, litigation and strategy. \u00bb<\/p>\t\t\t\t\t\t\t\t<\/div>\n\t\t\t\t<\/div>\n\t\t\t\t<div class=\"elementor-element elementor-element-c30f9f8 elementor-widget-divider--view-line elementor-widget elementor-widget-divider\" data-id=\"c30f9f8\" data-element_type=\"widget\" data-widget_type=\"divider.default\">\n\t\t\t\t<div class=\"elementor-widget-container\">\n\t\t\t\t\t\t\t<div class=\"elementor-divider\">\n\t\t\t<span class=\"elementor-divider-separator\">\n\t\t\t\t\t\t<\/span>\n\t\t<\/div>\n\t\t\t\t\t\t<\/div>\n\t\t\t\t<\/div>\n\t\t\t\t\t<\/div>\n\t\t\t\t<\/div>\n\t\t\t\t<\/div>","protected":false},"excerpt":{"rendered":"<p>Notre cabinet est implant\u00e9 dans des domaines d\u2019activit\u00e9s vari\u00e9s, de la m\u00e9tallurgie aux m\u00e9dias en passant par les laboratoires pharmaceutiques, les organisations syndicales patronales, les transports, l\u2019\u00e9nergie, le luxe, la finance. Gr\u00e2ce \u00e0 la transversalit\u00e9 et la compl\u00e9mentarit\u00e9 de leurs parcours, nos avocats se distinguent par un vaste champ d\u2019expertises. Expertises Gestion et accompagnement des [&hellip;]<\/p>","protected":false},"author":1,"featured_media":3453,"parent":0,"menu_order":0,"comment_status":"closed","ping_status":"open","template":"elementor_header_footer","meta":{"_acf_changed":false,"footnotes":"","_links_to":"","_links_to_target":""},"class_list":["post-238","page","type-page","status-publish","has-post-thumbnail","hentry"],"acf":[],"yoast_head":"<!-- This site is optimized with the Yoast SEO plugin v25.7 - https:\/\/yoast.com\/wordpress\/plugins\/seo\/ -->\n<title>Notre savoir-faire - Eunomie avocats<\/title>\n<meta name=\"description\" content=\"Notre cabinet est implant\u00e9 dans des domaines d\u2019activit\u00e9s vari\u00e9s. Nos avocats se distinguent par un vaste champ d\u2019expertises.\" \/>\n<meta name=\"robots\" content=\"index, follow, max-snippet:-1, max-image-preview:large, max-video-preview:-1\" \/>\n<link rel=\"canonical\" href=\"https:\/\/eunomie-avocats.fr\/en\/notre-savoir-faire\/\" \/>\n<meta property=\"og:locale\" content=\"en_GB\" \/>\n<meta property=\"og:type\" content=\"article\" \/>\n<meta property=\"og:title\" content=\"Notre savoir-faire - Eunomie avocats\" \/>\n<meta property=\"og:description\" content=\"Notre cabinet est implant\u00e9 dans des domaines d\u2019activit\u00e9s vari\u00e9s. Nos avocats se distinguent par un vaste champ d\u2019expertises.\" \/>\n<meta property=\"og:url\" content=\"https:\/\/eunomie-avocats.fr\/en\/notre-savoir-faire\/\" \/>\n<meta property=\"og:site_name\" content=\"Eunomie avocats\" \/>\n<meta property=\"article:publisher\" content=\"https:\/\/www.facebook.com\/Eunomie-Avocats-160608690658705\/\" \/>\n<meta property=\"article:modified_time\" content=\"2023-04-28T12:50:59+00:00\" \/>\n<meta property=\"og:image\" content=\"https:\/\/eunomie-avocats.fr\/wp-content\/uploads\/2023\/04\/Eunomie-Avocats-banner-site.png\" \/>\n\t<meta property=\"og:image:width\" content=\"1090\" \/>\n\t<meta property=\"og:image:height\" content=\"466\" \/>\n\t<meta property=\"og:image:type\" content=\"image\/png\" \/>\n<meta name=\"twitter:card\" content=\"summary_large_image\" \/>\n<meta name=\"twitter:site\" content=\"@eunomiea\" \/>\n<meta name=\"twitter:label1\" content=\"Estimated reading time\" \/>\n\t<meta name=\"twitter:data1\" content=\"2 minutes\" \/>\n<script type=\"application\/ld+json\" class=\"yoast-schema-graph\">{\"@context\":\"https:\/\/schema.org\",\"@graph\":[{\"@type\":\"WebPage\",\"@id\":\"https:\/\/eunomie-avocats.fr\/notre-savoir-faire\/\",\"url\":\"https:\/\/eunomie-avocats.fr\/notre-savoir-faire\/\",\"name\":\"Notre savoir-faire - Eunomie avocats\",\"isPartOf\":{\"@id\":\"https:\/\/eunomie-avocats.fr\/#website\"},\"primaryImageOfPage\":{\"@id\":\"https:\/\/eunomie-avocats.fr\/notre-savoir-faire\/#primaryimage\"},\"image\":{\"@id\":\"https:\/\/eunomie-avocats.fr\/notre-savoir-faire\/#primaryimage\"},\"thumbnailUrl\":\"https:\/\/eunomie-avocats.fr\/wp-content\/uploads\/2023\/04\/Eunomie-Avocats-banner-site.png\",\"datePublished\":\"2023-04-02T19:40:10+00:00\",\"dateModified\":\"2023-04-28T12:50:59+00:00\",\"description\":\"Notre cabinet est implant\u00e9 dans des domaines d\u2019activit\u00e9s vari\u00e9s. Nos avocats se distinguent par un vaste champ d\u2019expertises.\",\"breadcrumb\":{\"@id\":\"https:\/\/eunomie-avocats.fr\/notre-savoir-faire\/#breadcrumb\"},\"inLanguage\":\"en-GB\",\"potentialAction\":[{\"@type\":\"ReadAction\",\"target\":[\"https:\/\/eunomie-avocats.fr\/notre-savoir-faire\/\"]}]},{\"@type\":\"ImageObject\",\"inLanguage\":\"en-GB\",\"@id\":\"https:\/\/eunomie-avocats.fr\/notre-savoir-faire\/#primaryimage\",\"url\":\"https:\/\/eunomie-avocats.fr\/wp-content\/uploads\/2023\/04\/Eunomie-Avocats-banner-site.png\",\"contentUrl\":\"https:\/\/eunomie-avocats.fr\/wp-content\/uploads\/2023\/04\/Eunomie-Avocats-banner-site.png\",\"width\":1090,\"height\":466},{\"@type\":\"BreadcrumbList\",\"@id\":\"https:\/\/eunomie-avocats.fr\/notre-savoir-faire\/#breadcrumb\",\"itemListElement\":[{\"@type\":\"ListItem\",\"position\":1,\"name\":\"Accueil\",\"item\":\"https:\/\/eunomie-avocats.fr\/\"},{\"@type\":\"ListItem\",\"position\":2,\"name\":\"Notre savoir-faire\"}]},{\"@type\":\"WebSite\",\"@id\":\"https:\/\/eunomie-avocats.fr\/#website\",\"url\":\"https:\/\/eunomie-avocats.fr\/\",\"name\":\"Eunomie avocats\",\"description\":\"Avocats sp\u00e9cialis\u00e9s en droit social des affaires\",\"publisher\":{\"@id\":\"https:\/\/eunomie-avocats.fr\/#organization\"},\"potentialAction\":[{\"@type\":\"SearchAction\",\"target\":{\"@type\":\"EntryPoint\",\"urlTemplate\":\"https:\/\/eunomie-avocats.fr\/?s={search_term_string}\"},\"query-input\":{\"@type\":\"PropertyValueSpecification\",\"valueRequired\":true,\"valueName\":\"search_term_string\"}}],\"inLanguage\":\"en-GB\"},{\"@type\":\"Organization\",\"@id\":\"https:\/\/eunomie-avocats.fr\/#organization\",\"name\":\"Eunomie avocats\",\"url\":\"https:\/\/eunomie-avocats.fr\/\",\"logo\":{\"@type\":\"ImageObject\",\"inLanguage\":\"en-GB\",\"@id\":\"https:\/\/eunomie-avocats.fr\/#\/schema\/logo\/image\/\",\"url\":\"https:\/\/eunomie-avocats.fr\/wp-content\/uploads\/2023\/03\/EUNOMIE_LOGO_RVB_bleu.svg\",\"contentUrl\":\"https:\/\/eunomie-avocats.fr\/wp-content\/uploads\/2023\/03\/EUNOMIE_LOGO_RVB_bleu.svg\",\"width\":154,\"height\":56,\"caption\":\"Eunomie avocats\"},\"image\":{\"@id\":\"https:\/\/eunomie-avocats.fr\/#\/schema\/logo\/image\/\"},\"sameAs\":[\"https:\/\/www.facebook.com\/Eunomie-Avocats-160608690658705\/\",\"https:\/\/x.com\/eunomiea\",\"https:\/\/fr.linkedin.com\/company\/eunomie-avocats\"]}]}<\/script>\n<!-- \/ Yoast SEO plugin. -->","yoast_head_json":{"title":"Notre savoir-faire - Eunomie avocats","description":"Notre cabinet est implant\u00e9 dans des domaines d\u2019activit\u00e9s vari\u00e9s. Nos avocats se distinguent par un vaste champ d\u2019expertises.","robots":{"index":"index","follow":"follow","max-snippet":"max-snippet:-1","max-image-preview":"max-image-preview:large","max-video-preview":"max-video-preview:-1"},"canonical":"https:\/\/eunomie-avocats.fr\/en\/notre-savoir-faire\/","og_locale":"en_GB","og_type":"article","og_title":"Notre savoir-faire - Eunomie avocats","og_description":"Notre cabinet est implant\u00e9 dans des domaines d\u2019activit\u00e9s vari\u00e9s. Nos avocats se distinguent par un vaste champ d\u2019expertises.","og_url":"https:\/\/eunomie-avocats.fr\/en\/notre-savoir-faire\/","og_site_name":"Eunomie avocats","article_publisher":"https:\/\/www.facebook.com\/Eunomie-Avocats-160608690658705\/","article_modified_time":"2023-04-28T12:50:59+00:00","og_image":[{"width":1090,"height":466,"url":"https:\/\/eunomie-avocats.fr\/wp-content\/uploads\/2023\/04\/Eunomie-Avocats-banner-site.png","type":"image\/png"}],"twitter_card":"summary_large_image","twitter_site":"@eunomiea","twitter_misc":{"Estimated reading time":"2 minutes"},"schema":{"@context":"https:\/\/schema.org","@graph":[{"@type":"WebPage","@id":"https:\/\/eunomie-avocats.fr\/notre-savoir-faire\/","url":"https:\/\/eunomie-avocats.fr\/notre-savoir-faire\/","name":"Notre savoir-faire - Eunomie avocats","isPartOf":{"@id":"https:\/\/eunomie-avocats.fr\/#website"},"primaryImageOfPage":{"@id":"https:\/\/eunomie-avocats.fr\/notre-savoir-faire\/#primaryimage"},"image":{"@id":"https:\/\/eunomie-avocats.fr\/notre-savoir-faire\/#primaryimage"},"thumbnailUrl":"https:\/\/eunomie-avocats.fr\/wp-content\/uploads\/2023\/04\/Eunomie-Avocats-banner-site.png","datePublished":"2023-04-02T19:40:10+00:00","dateModified":"2023-04-28T12:50:59+00:00","description":"Notre cabinet est implant\u00e9 dans des domaines d\u2019activit\u00e9s vari\u00e9s. Nos avocats se distinguent par un vaste champ d\u2019expertises.","breadcrumb":{"@id":"https:\/\/eunomie-avocats.fr\/notre-savoir-faire\/#breadcrumb"},"inLanguage":"en-GB","potentialAction":[{"@type":"ReadAction","target":["https:\/\/eunomie-avocats.fr\/notre-savoir-faire\/"]}]},{"@type":"ImageObject","inLanguage":"en-GB","@id":"https:\/\/eunomie-avocats.fr\/notre-savoir-faire\/#primaryimage","url":"https:\/\/eunomie-avocats.fr\/wp-content\/uploads\/2023\/04\/Eunomie-Avocats-banner-site.png","contentUrl":"https:\/\/eunomie-avocats.fr\/wp-content\/uploads\/2023\/04\/Eunomie-Avocats-banner-site.png","width":1090,"height":466},{"@type":"BreadcrumbList","@id":"https:\/\/eunomie-avocats.fr\/notre-savoir-faire\/#breadcrumb","itemListElement":[{"@type":"ListItem","position":1,"name":"Accueil","item":"https:\/\/eunomie-avocats.fr\/"},{"@type":"ListItem","position":2,"name":"Notre savoir-faire"}]},{"@type":"WebSite","@id":"https:\/\/eunomie-avocats.fr\/#website","url":"https:\/\/eunomie-avocats.fr\/","name":"Eunomie avocats","description":"Avocats sp\u00e9cialis\u00e9s en droit social des affaires","publisher":{"@id":"https:\/\/eunomie-avocats.fr\/#organization"},"potentialAction":[{"@type":"SearchAction","target":{"@type":"EntryPoint","urlTemplate":"https:\/\/eunomie-avocats.fr\/?s={search_term_string}"},"query-input":{"@type":"PropertyValueSpecification","valueRequired":true,"valueName":"search_term_string"}}],"inLanguage":"en-GB"},{"@type":"Organization","@id":"https:\/\/eunomie-avocats.fr\/#organization","name":"Eunomie avocats","url":"https:\/\/eunomie-avocats.fr\/","logo":{"@type":"ImageObject","inLanguage":"en-GB","@id":"https:\/\/eunomie-avocats.fr\/#\/schema\/logo\/image\/","url":"https:\/\/eunomie-avocats.fr\/wp-content\/uploads\/2023\/03\/EUNOMIE_LOGO_RVB_bleu.svg","contentUrl":"https:\/\/eunomie-avocats.fr\/wp-content\/uploads\/2023\/03\/EUNOMIE_LOGO_RVB_bleu.svg","width":154,"height":56,"caption":"Eunomie avocats"},"image":{"@id":"https:\/\/eunomie-avocats.fr\/#\/schema\/logo\/image\/"},"sameAs":["https:\/\/www.facebook.com\/Eunomie-Avocats-160608690658705\/","https:\/\/x.com\/eunomiea","https:\/\/fr.linkedin.com\/company\/eunomie-avocats"]}]}},"_links":{"self":[{"href":"https:\/\/eunomie-avocats.fr\/en\/wp-json\/wp\/v2\/pages\/238","targetHints":{"allow":["GET"]}}],"collection":[{"href":"https:\/\/eunomie-avocats.fr\/en\/wp-json\/wp\/v2\/pages"}],"about":[{"href":"https:\/\/eunomie-avocats.fr\/en\/wp-json\/wp\/v2\/types\/page"}],"author":[{"embeddable":true,"href":"https:\/\/eunomie-avocats.fr\/en\/wp-json\/wp\/v2\/users\/1"}],"replies":[{"embeddable":true,"href":"https:\/\/eunomie-avocats.fr\/en\/wp-json\/wp\/v2\/comments?post=238"}],"version-history":[{"count":0,"href":"https:\/\/eunomie-avocats.fr\/en\/wp-json\/wp\/v2\/pages\/238\/revisions"}],"wp:featuredmedia":[{"embeddable":true,"href":"https:\/\/eunomie-avocats.fr\/en\/wp-json\/wp\/v2\/media\/3453"}],"wp:attachment":[{"href":"https:\/\/eunomie-avocats.fr\/en\/wp-json\/wp\/v2\/media?parent=238"}],"curies":[{"name":"wp","href":"https:\/\/api.w.org\/{rel}","templated":true}]}}