{"id":213,"date":"2023-04-02T18:34:59","date_gmt":"2023-04-02T18:34:59","guid":{"rendered":"https:\/\/eunomie-avocats.fr\/?page_id=213"},"modified":"2023-04-28T12:58:50","modified_gmt":"2023-04-28T12:58:50","slug":"notre-adn","status":"publish","type":"page","link":"https:\/\/eunomie-avocats.fr\/en\/notre-adn\/","title":{"rendered":"Our DNA"},"content":{"rendered":"<div data-elementor-type=\"wp-page\" data-elementor-id=\"213\" class=\"elementor elementor-213\" data-elementor-post-type=\"page\">\n\t\t\t\t<div class=\"elementor-element elementor-element-f128a95 e-flex e-con-boxed e-con e-parent\" data-id=\"f128a95\" data-element_type=\"container\">\n\t\t\t\t\t<div class=\"e-con-inner\">\n\t\t\t\t<div class=\"elementor-element elementor-element-5e608b3 elementor-widget elementor-widget-heading\" data-id=\"5e608b3\" data-element_type=\"widget\" data-widget_type=\"heading.default\">\n\t\t\t\t<div class=\"elementor-widget-container\">\n\t\t\t\t\t<h1 class=\"elementor-heading-title elementor-size-default\">Dedicated and multidisciplinary, Eunomie Avocats delivers an exceptionally pragmatic service based on <b>total commitment and strong values.<\/b><\/h1>\t\t\t\t<\/div>\n\t\t\t\t<\/div>\n\t\t\t\t\t<\/div>\n\t\t\t\t<\/div>\n\t\t<div class=\"elementor-element elementor-element-29485ea e-flex e-con-boxed e-con e-parent\" data-id=\"29485ea\" data-element_type=\"container\" data-settings=\"{&quot;background_background&quot;:&quot;classic&quot;}\">\n\t\t\t\t\t<div class=\"e-con-inner\">\n\t\t\t\t<div class=\"elementor-element elementor-element-bdd7d06 elementor-widget elementor-widget-text-editor\" data-id=\"bdd7d06\" data-element_type=\"widget\" data-widget_type=\"text-editor.default\">\n\t\t\t\t<div class=\"elementor-widget-container\">\n\t\t\t\t\t\t\t\t\t<p>Receptive \u2022 creative<br \/>responsive \u2022 resolute<br \/>proactive \u2022 committed<\/p>\t\t\t\t\t\t\t\t<\/div>\n\t\t\t\t<\/div>\n\t\t\t\t\t<\/div>\n\t\t\t\t<\/div>\n\t\t<div class=\"elementor-element elementor-element-c289ff7 e-flex e-con-boxed e-con e-parent\" data-id=\"c289ff7\" data-element_type=\"container\">\n\t\t\t\t\t<div class=\"e-con-inner\">\n\t\t\t\t<div class=\"elementor-element elementor-element-f997ca6 elementor-widget elementor-widget-text-editor\" data-id=\"f997ca6\" data-element_type=\"widget\" data-widget_type=\"text-editor.default\">\n\t\t\t\t<div class=\"elementor-widget-container\">\n\t\t\t\t\t\t\t\t\t<p>Committed to doctrinal integrity and educational excellence, Eunomie Avocats takes <strong>a pragmatic approach to implementing its beliefs and technical expertise in a wide range of sectors, consistently defending the interests of a client base<\/strong> that includes transnational groups, listed companies and employers' federations. <strong>Drawing on its extensive expertise, the firm provides a bespoke service, developing ingenious and practical solutions<\/strong>tailored to the needs of each business in terms of operations, litigation and strategy.<\/p>\t\t\t\t\t\t\t\t<\/div>\n\t\t\t\t<\/div>\n\t\t\t\t\t<\/div>\n\t\t\t\t<\/div>\n\t\t<div class=\"elementor-element elementor-element-45631cd e-flex e-con-boxed e-con e-parent\" data-id=\"45631cd\" data-element_type=\"container\" data-settings=\"{&quot;background_background&quot;:&quot;classic&quot;}\">\n\t\t\t\t\t<div class=\"e-con-inner\">\n\t\t\t\t<div class=\"elementor-element elementor-element-2818e81 elementor-widget elementor-widget-text-editor\" data-id=\"2818e81\" data-element_type=\"widget\" data-widget_type=\"text-editor.default\">\n\t\t\t\t<div class=\"elementor-widget-container\">\n\t\t\t\t\t\t\t\t\t<p>\u00ab\u00a0Our holistic approach delivers the most appropriate solution at each stage.\u00a0\u00bb<\/p>\t\t\t\t\t\t\t\t<\/div>\n\t\t\t\t<\/div>\n\t\t\t\t\t<\/div>\n\t\t\t\t<\/div>\n\t\t<div class=\"elementor-element elementor-element-e437d0c e-flex e-con-boxed e-con e-parent\" data-id=\"e437d0c\" data-element_type=\"container\">\n\t\t\t\t\t<div class=\"e-con-inner\">\n\t\t\t\t<div class=\"elementor-element elementor-element-202e055 elementor-widget elementor-widget-text-editor\" data-id=\"202e055\" data-element_type=\"widget\" data-widget_type=\"text-editor.default\">\n\t\t\t\t<div class=\"elementor-widget-container\">\n\t\t\t\t\t\t\t\t\t<p>A key player in employment litigation in France, <strong>Eunomie Avocats is committed to providing effective representation.<\/strong> Delivering long-term client support, the firm has forged strong partnerships with leading players in many sectors over a number of years. <strong>The loyalty of our clients is the best testimony to the quality of the bespoke legal service<\/strong> provided by Eunomie Avocats.<\/p>\t\t\t\t\t\t\t\t<\/div>\n\t\t\t\t<\/div>\n\t\t\t\t\t<\/div>\n\t\t\t\t<\/div>\n\t\t\t\t<\/div>","protected":false},"excerpt":{"rendered":"<p>Fort de la pluridisciplinarit\u00e9 et de l\u2019implication de son \u00e9quipe, le Cabinet Eunomie Avocats d\u00e9livre un service pratique \u00ab hors norme \u00bb reposant sur un engagement total et des valeurs fortes. Disponibilit\u00e9 \u2022 inventivit\u00e9 r\u00e9activit\u00e9 \u2022 conviction pugnacit\u00e9 \u2022 engagement Engag\u00e9 au plan doctrinal et dans les formations d\u2019excellence, le cabinet Eunomie Avocats sait d\u00e9cliner [&hellip;]<\/p>","protected":false},"author":1,"featured_media":0,"parent":0,"menu_order":0,"comment_status":"closed","ping_status":"open","template":"elementor_header_footer","meta":{"_acf_changed":false,"footnotes":"","_links_to":"","_links_to_target":""},"class_list":["post-213","page","type-page","status-publish","hentry"],"acf":[],"yoast_head":"<!-- This site is optimized with the Yoast SEO plugin v25.7 - https:\/\/yoast.com\/wordpress\/plugins\/seo\/ -->\n<title>Notre ADN - Eunomie avocats<\/title>\n<meta name=\"description\" content=\"D\u00e9couvrez qui nous sommes et nos valeurs. Faites confiance \u00e0 notre \u00e9quipe d&#039;avocats pour vous accompagner dans vos affaires juridiques.\" \/>\n<meta name=\"robots\" content=\"index, follow, max-snippet:-1, max-image-preview:large, max-video-preview:-1\" \/>\n<link rel=\"canonical\" href=\"https:\/\/eunomie-avocats.fr\/en\/notre-adn\/\" \/>\n<meta property=\"og:locale\" content=\"en_GB\" \/>\n<meta property=\"og:type\" content=\"article\" \/>\n<meta property=\"og:title\" content=\"Notre ADN - Eunomie avocats\" \/>\n<meta property=\"og:description\" content=\"D\u00e9couvrez qui nous sommes et nos valeurs. Faites confiance \u00e0 notre \u00e9quipe d&#039;avocats pour vous accompagner dans vos affaires juridiques.\" \/>\n<meta property=\"og:url\" content=\"https:\/\/eunomie-avocats.fr\/en\/notre-adn\/\" \/>\n<meta property=\"og:site_name\" content=\"Eunomie avocats\" \/>\n<meta property=\"article:publisher\" content=\"https:\/\/www.facebook.com\/Eunomie-Avocats-160608690658705\/\" \/>\n<meta property=\"article:modified_time\" content=\"2023-04-28T12:58:50+00:00\" \/>\n<meta name=\"twitter:card\" content=\"summary_large_image\" \/>\n<meta name=\"twitter:site\" content=\"@eunomiea\" \/>\n<meta name=\"twitter:label1\" content=\"Estimated reading time\" \/>\n\t<meta name=\"twitter:data1\" content=\"1 minute\" \/>\n<script type=\"application\/ld+json\" class=\"yoast-schema-graph\">{\"@context\":\"https:\/\/schema.org\",\"@graph\":[{\"@type\":\"WebPage\",\"@id\":\"https:\/\/eunomie-avocats.fr\/notre-adn\/\",\"url\":\"https:\/\/eunomie-avocats.fr\/notre-adn\/\",\"name\":\"Notre ADN - Eunomie avocats\",\"isPartOf\":{\"@id\":\"https:\/\/eunomie-avocats.fr\/#website\"},\"datePublished\":\"2023-04-02T18:34:59+00:00\",\"dateModified\":\"2023-04-28T12:58:50+00:00\",\"description\":\"D\u00e9couvrez qui nous sommes et nos valeurs. Faites confiance \u00e0 notre \u00e9quipe d'avocats pour vous accompagner dans vos affaires juridiques.\",\"breadcrumb\":{\"@id\":\"https:\/\/eunomie-avocats.fr\/notre-adn\/#breadcrumb\"},\"inLanguage\":\"en-GB\",\"potentialAction\":[{\"@type\":\"ReadAction\",\"target\":[\"https:\/\/eunomie-avocats.fr\/notre-adn\/\"]}]},{\"@type\":\"BreadcrumbList\",\"@id\":\"https:\/\/eunomie-avocats.fr\/notre-adn\/#breadcrumb\",\"itemListElement\":[{\"@type\":\"ListItem\",\"position\":1,\"name\":\"Accueil\",\"item\":\"https:\/\/eunomie-avocats.fr\/\"},{\"@type\":\"ListItem\",\"position\":2,\"name\":\"Notre ADN\"}]},{\"@type\":\"WebSite\",\"@id\":\"https:\/\/eunomie-avocats.fr\/#website\",\"url\":\"https:\/\/eunomie-avocats.fr\/\",\"name\":\"Eunomie avocats\",\"description\":\"Avocats sp\u00e9cialis\u00e9s en droit social des affaires\",\"publisher\":{\"@id\":\"https:\/\/eunomie-avocats.fr\/#organization\"},\"potentialAction\":[{\"@type\":\"SearchAction\",\"target\":{\"@type\":\"EntryPoint\",\"urlTemplate\":\"https:\/\/eunomie-avocats.fr\/?s={search_term_string}\"},\"query-input\":{\"@type\":\"PropertyValueSpecification\",\"valueRequired\":true,\"valueName\":\"search_term_string\"}}],\"inLanguage\":\"en-GB\"},{\"@type\":\"Organization\",\"@id\":\"https:\/\/eunomie-avocats.fr\/#organization\",\"name\":\"Eunomie avocats\",\"url\":\"https:\/\/eunomie-avocats.fr\/\",\"logo\":{\"@type\":\"ImageObject\",\"inLanguage\":\"en-GB\",\"@id\":\"https:\/\/eunomie-avocats.fr\/#\/schema\/logo\/image\/\",\"url\":\"https:\/\/eunomie-avocats.fr\/wp-content\/uploads\/2023\/03\/EUNOMIE_LOGO_RVB_bleu.svg\",\"contentUrl\":\"https:\/\/eunomie-avocats.fr\/wp-content\/uploads\/2023\/03\/EUNOMIE_LOGO_RVB_bleu.svg\",\"width\":154,\"height\":56,\"caption\":\"Eunomie avocats\"},\"image\":{\"@id\":\"https:\/\/eunomie-avocats.fr\/#\/schema\/logo\/image\/\"},\"sameAs\":[\"https:\/\/www.facebook.com\/Eunomie-Avocats-160608690658705\/\",\"https:\/\/x.com\/eunomiea\",\"https:\/\/fr.linkedin.com\/company\/eunomie-avocats\"]}]}<\/script>\n<!-- \/ Yoast SEO plugin. -->","yoast_head_json":{"title":"Notre ADN - Eunomie avocats","description":"D\u00e9couvrez qui nous sommes et nos valeurs. Faites confiance \u00e0 notre \u00e9quipe d'avocats pour vous accompagner dans vos affaires juridiques.","robots":{"index":"index","follow":"follow","max-snippet":"max-snippet:-1","max-image-preview":"max-image-preview:large","max-video-preview":"max-video-preview:-1"},"canonical":"https:\/\/eunomie-avocats.fr\/en\/notre-adn\/","og_locale":"en_GB","og_type":"article","og_title":"Notre ADN - Eunomie avocats","og_description":"D\u00e9couvrez qui nous sommes et nos valeurs. Faites confiance \u00e0 notre \u00e9quipe d'avocats pour vous accompagner dans vos affaires juridiques.","og_url":"https:\/\/eunomie-avocats.fr\/en\/notre-adn\/","og_site_name":"Eunomie avocats","article_publisher":"https:\/\/www.facebook.com\/Eunomie-Avocats-160608690658705\/","article_modified_time":"2023-04-28T12:58:50+00:00","twitter_card":"summary_large_image","twitter_site":"@eunomiea","twitter_misc":{"Estimated reading time":"1 minute"},"schema":{"@context":"https:\/\/schema.org","@graph":[{"@type":"WebPage","@id":"https:\/\/eunomie-avocats.fr\/notre-adn\/","url":"https:\/\/eunomie-avocats.fr\/notre-adn\/","name":"Notre ADN - Eunomie avocats","isPartOf":{"@id":"https:\/\/eunomie-avocats.fr\/#website"},"datePublished":"2023-04-02T18:34:59+00:00","dateModified":"2023-04-28T12:58:50+00:00","description":"D\u00e9couvrez qui nous sommes et nos valeurs. Faites confiance \u00e0 notre \u00e9quipe d'avocats pour vous accompagner dans vos affaires juridiques.","breadcrumb":{"@id":"https:\/\/eunomie-avocats.fr\/notre-adn\/#breadcrumb"},"inLanguage":"en-GB","potentialAction":[{"@type":"ReadAction","target":["https:\/\/eunomie-avocats.fr\/notre-adn\/"]}]},{"@type":"BreadcrumbList","@id":"https:\/\/eunomie-avocats.fr\/notre-adn\/#breadcrumb","itemListElement":[{"@type":"ListItem","position":1,"name":"Accueil","item":"https:\/\/eunomie-avocats.fr\/"},{"@type":"ListItem","position":2,"name":"Notre ADN"}]},{"@type":"WebSite","@id":"https:\/\/eunomie-avocats.fr\/#website","url":"https:\/\/eunomie-avocats.fr\/","name":"Eunomie avocats","description":"Avocats sp\u00e9cialis\u00e9s en droit social des affaires","publisher":{"@id":"https:\/\/eunomie-avocats.fr\/#organization"},"potentialAction":[{"@type":"SearchAction","target":{"@type":"EntryPoint","urlTemplate":"https:\/\/eunomie-avocats.fr\/?s={search_term_string}"},"query-input":{"@type":"PropertyValueSpecification","valueRequired":true,"valueName":"search_term_string"}}],"inLanguage":"en-GB"},{"@type":"Organization","@id":"https:\/\/eunomie-avocats.fr\/#organization","name":"Eunomie avocats","url":"https:\/\/eunomie-avocats.fr\/","logo":{"@type":"ImageObject","inLanguage":"en-GB","@id":"https:\/\/eunomie-avocats.fr\/#\/schema\/logo\/image\/","url":"https:\/\/eunomie-avocats.fr\/wp-content\/uploads\/2023\/03\/EUNOMIE_LOGO_RVB_bleu.svg","contentUrl":"https:\/\/eunomie-avocats.fr\/wp-content\/uploads\/2023\/03\/EUNOMIE_LOGO_RVB_bleu.svg","width":154,"height":56,"caption":"Eunomie avocats"},"image":{"@id":"https:\/\/eunomie-avocats.fr\/#\/schema\/logo\/image\/"},"sameAs":["https:\/\/www.facebook.com\/Eunomie-Avocats-160608690658705\/","https:\/\/x.com\/eunomiea","https:\/\/fr.linkedin.com\/company\/eunomie-avocats"]}]}},"_links":{"self":[{"href":"https:\/\/eunomie-avocats.fr\/en\/wp-json\/wp\/v2\/pages\/213","targetHints":{"allow":["GET"]}}],"collection":[{"href":"https:\/\/eunomie-avocats.fr\/en\/wp-json\/wp\/v2\/pages"}],"about":[{"href":"https:\/\/eunomie-avocats.fr\/en\/wp-json\/wp\/v2\/types\/page"}],"author":[{"embeddable":true,"href":"https:\/\/eunomie-avocats.fr\/en\/wp-json\/wp\/v2\/users\/1"}],"replies":[{"embeddable":true,"href":"https:\/\/eunomie-avocats.fr\/en\/wp-json\/wp\/v2\/comments?post=213"}],"version-history":[{"count":0,"href":"https:\/\/eunomie-avocats.fr\/en\/wp-json\/wp\/v2\/pages\/213\/revisions"}],"wp:attachment":[{"href":"https:\/\/eunomie-avocats.fr\/en\/wp-json\/wp\/v2\/media?parent=213"}],"curies":[{"name":"wp","href":"https:\/\/api.w.org\/{rel}","templated":true}]}}